{"id":514,"date":"2021-04-24T17:37:21","date_gmt":"2021-04-24T17:37:21","guid":{"rendered":"https:\/\/acse.pub.ro\/?page_id=514"},"modified":"2022-09-16T20:46:09","modified_gmt":"2022-09-16T20:46:09","slug":"tudor-c-ionescu","status":"publish","type":"page","link":"https:\/\/acse.pub.ro\/index.php\/en\/personal\/tudor-c-ionescu\/","title":{"rendered":"Tudor C. Ionescu"},"content":{"rendered":"<div class=\"w3-column\">\n<div class=\"w3-quarter\"><img decoding=\"async\" class=\"w3-square w3-hover-opacity\" style=\"width:90%; height: 200px; object-fit: cover;\" src=\"https:\/\/acse.pub.ro\/wp-content\/uploads\/2022\/09\/tcionescu-scaled.jpg\" \/>\n<\/div>\n<\/div>\n<div align=\"justify\">\n<p>Tudor C. Ionescu s-a n\u0103scut la Bucure\u0219ti, Rom\u00e2nia \u00een anul 1980. A absolvit masterul \u00een Ingineria Sistemelor \u0219i a Reglarii |Automate, la Universitatea Politehnica Bucure\u0219ti, Rom\u00e2nia (2004) precum \u0219i doctoratul \u00een Matematic\u0103 Aplicat\u0103 la Universitatea din Groningen, regatul Tarilor de Jos (2009). \u00cen timpul doctoratului s\u0103u, a efectuat vizite de cercetare la Supelec, Paris, Fran\u021ba (2005 \u0219i 2007) \u0219i la Universitatea din Nagoya, Japonia (2008). A fost cercet\u0103tor asociat la Imperial College London, Marea Britanie (2009-2013) \u0219i la Universitatea din Sheffield, Marea Britanie (2013-2015). \u00cen anii s\u0103i post-doctorali, a primit Grantul pentru vizitatori a Funda\u021biei Olandeze pentru \u0218tiin\u021b\u0103 (NWO) la Universitatea din Groningen, \u021a\u0103rile de Jos (2011 \u0219i 2015). \u00cen prezent, este conferentiar universitar cu norm\u0103 \u00eentreag\u0103 la Departamentul de Automatica si Ingineria Sistemelor, Universitatea Politehnica Bucure\u0219ti, Rom\u00e2nia. De asemenea, este Cercet\u0103tor \u0218tiin\u021bific gradul al doilea, cu jum\u0103tate de norm\u0103, la Institutul de Statistic\u0103 Matematic\u0103 \u0219i Matematic\u0103 Aplicat\u0103 \u201eGheorghe Mihoc &#8211; Caius Iacob\u201d al Academiei Rom\u00e2ne, Bucure\u0219ti, Rom\u00e2nia. Interesele sale de cercetare includ modelarea \u0219i reglarea sistemelor neliniare, cu accent pe modelare \u0219i reducerea dimensiunii modelelor matematice, cu p\u0103strarea structurii fizice, precum \u0219i aproximarea dimensional\u0103 finit\u0103 bazat\u0103 pe reducerea modelului sistemelor cu \u00eent\u00e2rzieri \u00een timp sau cu parametrii distribuiti.\n<\/p><\/div>\n<p><a><\/a><\/p>\n<p><a href=\"https:\/\/www.brainmap.ro\/download.php?id=778393&#038;format=2022-09-01TCI-CV-pub&#038;we=module.main.eval.publicProfile&#038;ddpN=2216626990&#038;igfm=dDefault&#038;isl=2vPlkD&#038;wtok=ad6a2de872912b3ccb39599e4f769cc7a865bba6&#038;wtkps=hY1NboMwEIXv4n2of5ixmZ6gmwopJzDYbigGIhwHpKh3L3jZTXdPb77vjSWkVyJFLA2OvSeCI8qv6ND1yz7vO5903J4m4s2DHfXExS10sOrsL\/v3I2d1EXlbx0WfsiHWh9av6aNsaWKCc40CyzKx7THGdGYliQE2sqm5DEaD0kF1tbDYQQBnsDYAJ3dgmy8CJzYtLkdfTXaYK\/+0sbrnLg59uy5hiIUSx0fn7nN7fZNSIEpsGl4Oh\/6ngYJ+\/gP+\/AI=&#038;wchk=bed7ae00ec5ea8a168796a8f92b408ac109581ae\">CV cu lista de publicatii (actualizare 2022)<\/a><\/p>\n<p><a href=\"https:\/\/www.brainmap.ro\/tudor-corneliu-ionescu\" target=\"_blank\" rel=\"noopener\">Brainmap profile<\/a><\/p>\n<p><a href=\"https:\/\/orcid.org\/0000-0001-5212-5508\" target=\"_blank\" rel=\"noopener\">OrcID 0000-0001-5212-5508<\/a><\/p>\n<p><a href=\"https:\/\/www.linkedin.com\/in\/tudor-corneliu-ionescu-85119548\/\" target=\"_blank\" rel=\"noopener\">LinkedIN profile<\/a><\/p>\n<p><a href=\"https:\/\/www.researchgate.net\/profile\/Tudor-Ionescu-2\" target=\"_blank\" rel=\"noopener\">Research Gate profile<\/a><\/p>\n<p>Publons-Clarivate profile:<br \/>\n<span id=\"badgeCont794\"><script type=\"text\/javascript\" src=\"https:\/\/publons.com\/mashlets?el=badgeCont794&#038;rid=AAG-9196-2020\"><\/script><\/span><\/p>\n","protected":false},"excerpt":{"rendered":"<p>Tudor C. Ionescu s-a n\u0103scut la Bucure\u0219ti, Rom\u00e2nia \u00een anul 1980. A absolvit masterul \u00een Ingineria Sistemelor \u0219i a Reglarii |Automate, la Universitatea Politehnica Bucure\u0219ti, Rom\u00e2nia (2004) precum \u0219i doctoratul \u00een Matematic\u0103 Aplicat\u0103 la Universitatea&#8230;<\/p>\n","protected":false},"author":1,"featured_media":0,"parent":100,"menu_order":0,"comment_status":"closed","ping_status":"closed","template":"","meta":[],"categories":[],"tags":[100],"_links":{"self":[{"href":"https:\/\/acse.pub.ro\/index.php\/wp-json\/wp\/v2\/pages\/514"}],"collection":[{"href":"https:\/\/acse.pub.ro\/index.php\/wp-json\/wp\/v2\/pages"}],"about":[{"href":"https:\/\/acse.pub.ro\/index.php\/wp-json\/wp\/v2\/types\/page"}],"author":[{"embeddable":true,"href":"https:\/\/acse.pub.ro\/index.php\/wp-json\/wp\/v2\/users\/1"}],"replies":[{"embeddable":true,"href":"https:\/\/acse.pub.ro\/index.php\/wp-json\/wp\/v2\/comments?post=514"}],"version-history":[{"count":1,"href":"https:\/\/acse.pub.ro\/index.php\/wp-json\/wp\/v2\/pages\/514\/revisions"}],"predecessor-version":[{"id":515,"href":"https:\/\/acse.pub.ro\/index.php\/wp-json\/wp\/v2\/pages\/514\/revisions\/515"}],"up":[{"embeddable":true,"href":"https:\/\/acse.pub.ro\/index.php\/wp-json\/wp\/v2\/pages\/100"}],"wp:attachment":[{"href":"https:\/\/acse.pub.ro\/index.php\/wp-json\/wp\/v2\/media?parent=514"}],"wp:term":[{"taxonomy":"category","embeddable":true,"href":"https:\/\/acse.pub.ro\/index.php\/wp-json\/wp\/v2\/categories?post=514"},{"taxonomy":"post_tag","embeddable":true,"href":"https:\/\/acse.pub.ro\/index.php\/wp-json\/wp\/v2\/tags?post=514"}],"curies":[{"name":"wp","href":"https:\/\/api.w.org\/{rel}","templated":true}]}}