{"id":40,"date":"2021-03-02T15:44:12","date_gmt":"2021-03-02T15:44:12","guid":{"rendered":"https:\/\/acse.pub.ro\/?page_id=40"},"modified":"2021-04-21T16:04:34","modified_gmt":"2021-04-21T16:04:34","slug":"acasa","status":"publish","type":"page","link":"https:\/\/acse.pub.ro\/","title":{"rendered":"Despre noi"},"content":{"rendered":"<p>ACSE este un departament de educa\u021bie \u0219i cercetare din cadrul Facult\u0103\u021bii de Automatic\u0103 \u0219i Calculatoare din Universitatea Politehnic\u0103 din Bucure\u0219ti.<\/p>\n<p>Activit\u0103\u021bile didactice con\u021bin cursuri din domeniul ingineriei regl\u0103rii automate \u0219i al ariilor \u00eenrudite predate studen\u021bilor din ciclurile de licent\u0103, master \u0219i doctorat. Cursurile acoper\u0103 teme din \u00eentregul domeniu al ingineriei sistemelor si a regl\u0103rii automate, de la fundamente de teoria sistemelor p\u00e2n\u0103 la implementarea efectiv\u0103 a regulatoarelor pe procese fizice \u0219i industriale. Modulele de studii de licen\u021b\u0103 organizate de c\u0103tre ACSE abordeaz\u0103 teme precum sisteme de reglare inteligent\u0103, sisteme \u00een timp real, bioinginerie \u0219i vehicule autonome. La programele de studii de masterat organizate de ACSE pot participa candida\u021bi cu studii \u00een inginerie electric\u0103, aspiran\u021bi la perfec\u021bionarea aptitudinilor \u00een sisteme \u00een timp real, sisteme complexe sau cyberfizice.<\/p>\n<p>ACSE are c\u00e2teva grupuri de cercetare, cu doctoranzi care au rezultate semnificative \u00een teme at\u00e2t teoretice c\u00e2t \u0219i aplicative de reglare automat\u0103, fiind adesea sustinu\u021bi de c\u0103tre firme din industrie. ACSE are o reputa\u021bie prestigioas\u0103 \u00een teme precum teoria sistemelor \u0219i a regl\u0103rii automate, identificarea sistemelor, prelucrarea semnalelor, optimiz\u0103ri, programarea \u0219i sinteza sistemelor \u00een timp real \u0219i reglare pentru sisteme biologice, la care se adaug\u0103 \u0219i teme recente, precum procesarea datelor \u0219i \u00eenv\u0103\u021barea automat\u0103.<\/p>\n<p>Va a\u0219tept\u0103m s\u0103 v\u0103 al\u0103tura\u021bi ACSE unde abia a\u0219tept\u0103m s\u0103 v\u0103 \u00eenv\u0103\u021b\u0103m \u0219i s\u0103 lucr\u0103m cu \u0219i pentru voi! Daca vre\u021bi s\u0103 afla\u021bi c\u00e2t mai multe despre sisteme \u0219i reglare automat\u0103, ACSE este cea mai bun\u0103 op\u021biune pe care o ave\u021bi!<\/p>\n","protected":false},"excerpt":{"rendered":"<p>ACSE este un departament de educa\u021bie \u0219i cercetare din cadrul Facult\u0103\u021bii de Automatic\u0103 \u0219i Calculatoare din Universitatea Politehnic\u0103 din Bucure\u0219ti. Activit\u0103\u021bile didactice con\u021bin cursuri din domeniul ingineriei regl\u0103rii automate \u0219i al ariilor \u00eenrudite predate studen\u021bilor&#8230;<\/p>\n","protected":false},"author":2,"featured_media":0,"parent":0,"menu_order":0,"comment_status":"closed","ping_status":"closed","template":"","meta":[],"categories":[],"tags":[102],"_links":{"self":[{"href":"https:\/\/acse.pub.ro\/index.php\/wp-json\/wp\/v2\/pages\/40"}],"collection":[{"href":"https:\/\/acse.pub.ro\/index.php\/wp-json\/wp\/v2\/pages"}],"about":[{"href":"https:\/\/acse.pub.ro\/index.php\/wp-json\/wp\/v2\/types\/page"}],"author":[{"embeddable":true,"href":"https:\/\/acse.pub.ro\/index.php\/wp-json\/wp\/v2\/users\/2"}],"replies":[{"embeddable":true,"href":"https:\/\/acse.pub.ro\/index.php\/wp-json\/wp\/v2\/comments?post=40"}],"version-history":[{"count":5,"href":"https:\/\/acse.pub.ro\/index.php\/wp-json\/wp\/v2\/pages\/40\/revisions"}],"predecessor-version":[{"id":381,"href":"https:\/\/acse.pub.ro\/index.php\/wp-json\/wp\/v2\/pages\/40\/revisions\/381"}],"wp:attachment":[{"href":"https:\/\/acse.pub.ro\/index.php\/wp-json\/wp\/v2\/media?parent=40"}],"wp:term":[{"taxonomy":"category","embeddable":true,"href":"https:\/\/acse.pub.ro\/index.php\/wp-json\/wp\/v2\/categories?post=40"},{"taxonomy":"post_tag","embeddable":true,"href":"https:\/\/acse.pub.ro\/index.php\/wp-json\/wp\/v2\/tags?post=40"}],"curies":[{"name":"wp","href":"https:\/\/api.w.org\/{rel}","templated":true}]}}