{"id":366,"date":"2021-04-21T14:45:38","date_gmt":"2021-04-21T14:45:38","guid":{"rendered":"https:\/\/acse.pub.ro\/?page_id=366"},"modified":"2021-05-28T11:55:20","modified_gmt":"2021-05-28T11:55:20","slug":"lucrarea-de-diploma","status":"publish","type":"page","link":"https:\/\/acse.pub.ro\/index.php\/licenta\/lucrarea-de-diploma\/","title":{"rendered":"Lucrarea de diplom\u0103"},"content":{"rendered":"<p><strong>Regulament<\/strong><\/p>\n<p>Pentru absolvirea ciclului de studii de licen\u021b\u0103, consulta\u021bi <a href=\"https:\/\/upb.ro\/wp-content\/uploads\/2020\/03\/Regulament-privind-organizarea-examenelor-de-finalizare-a-studiilor-in-UPB-2020-2021-FINAL.pdf\" target=\"_blank\" rel=\"noopener\">metodologia privind organizarea examenelor de finalizare a studiilor<\/a>.<\/p>\n<p><strong>Pregatirea lucr\u0103rii de diplom\u0103<br \/>\n<\/strong><\/p>\n<ul>\n<li><a href=\"https:\/\/acse.pub.ro\/wp-content\/uploads\/2021\/05\/licenta_guidelines_revised_2020.pdf\">Ghidul lucr\u0103rii de diplom\u0103<\/a><\/li>\n<li><a href=\"https:\/\/www.overleaf.com\/latex\/templates\/template-for-bachelor-slash-master-slash-phd-thesis-acse-upb\/mqvsgwnvdxsg\">Template LaTeX pentru lucrarea de licen\u021b\u0103<\/a><\/li>\n<\/ul>\n<p><strong>Sus\u021binerea examenului de diplom\u0103<\/strong><\/p>\n<p>Procedurile de \u00eenscriere pentru sus\u021binerea examenului de diplom\u0103 se public\u0103, \u00een fiecare an, pe site-ul <a href=\"https:\/\/acs.pub.ro\">Facult\u0103\u021bii de Automatic\u0103 \u0219i Calculatoare<\/a>. Pentru anul 2020, sesiunea Iulie, acestea post fi consultate <a href=\"https:\/\/acs.pub.ro\/noutati\/procedura-de-inscriere-online-pentru-sustinerea-examenului-de-diploma-disertatie\/\" target=\"_blank\" rel=\"noopener\">aici<\/a>. Pentru anul 2020, sesiunea Septembrie, acestea pot fi consultate <a href=\"https:\/\/acs.pub.ro\/public\/organizare_licenta_disertatie_septembrie.pdf\" target=\"_blank\" rel=\"noopener\">aici<\/a>.<\/p>\n","protected":false},"excerpt":{"rendered":"<p>Regulament Pentru absolvirea ciclului de studii de licen\u021b\u0103, consulta\u021bi metodologia privind organizarea examenelor de finalizare a studiilor. Pregatirea lucr\u0103rii de diplom\u0103 Ghidul lucr\u0103rii de diplom\u0103 Template LaTeX pentru lucrarea de licen\u021b\u0103 Sus\u021binerea examenului de diplom\u0103&#8230;<\/p>\n","protected":false},"author":2,"featured_media":0,"parent":107,"menu_order":3,"comment_status":"closed","ping_status":"closed","template":"","meta":[],"categories":[],"tags":[106],"_links":{"self":[{"href":"https:\/\/acse.pub.ro\/index.php\/wp-json\/wp\/v2\/pages\/366"}],"collection":[{"href":"https:\/\/acse.pub.ro\/index.php\/wp-json\/wp\/v2\/pages"}],"about":[{"href":"https:\/\/acse.pub.ro\/index.php\/wp-json\/wp\/v2\/types\/page"}],"author":[{"embeddable":true,"href":"https:\/\/acse.pub.ro\/index.php\/wp-json\/wp\/v2\/users\/2"}],"replies":[{"embeddable":true,"href":"https:\/\/acse.pub.ro\/index.php\/wp-json\/wp\/v2\/comments?post=366"}],"version-history":[{"count":7,"href":"https:\/\/acse.pub.ro\/index.php\/wp-json\/wp\/v2\/pages\/366\/revisions"}],"predecessor-version":[{"id":702,"href":"https:\/\/acse.pub.ro\/index.php\/wp-json\/wp\/v2\/pages\/366\/revisions\/702"}],"up":[{"embeddable":true,"href":"https:\/\/acse.pub.ro\/index.php\/wp-json\/wp\/v2\/pages\/107"}],"wp:attachment":[{"href":"https:\/\/acse.pub.ro\/index.php\/wp-json\/wp\/v2\/media?parent=366"}],"wp:term":[{"taxonomy":"category","embeddable":true,"href":"https:\/\/acse.pub.ro\/index.php\/wp-json\/wp\/v2\/categories?post=366"},{"taxonomy":"post_tag","embeddable":true,"href":"https:\/\/acse.pub.ro\/index.php\/wp-json\/wp\/v2\/tags?post=366"}],"curies":[{"name":"wp","href":"https:\/\/api.w.org\/{rel}","templated":true}]}}