{"id":360,"date":"2021-04-21T14:43:48","date_gmt":"2021-04-21T14:43:48","guid":{"rendered":"https:\/\/acse.pub.ro\/?page_id=360"},"modified":"2021-06-02T18:04:03","modified_gmt":"2021-06-02T18:04:03","slug":"directia-b","status":"publish","type":"page","link":"https:\/\/acse.pub.ro\/index.php\/licenta\/directia-b\/","title":{"rendered":"Direc\u021bia B"},"content":{"rendered":"<p>Departamentul organizeaz\u0103 specializarea studen\u021bilor \u00een Ingineria Sistemelor, \u00een cadrul specializ\u0103rii Automatic\u0103 \u0219i Informatic\u0103 Aplicat\u0103. Pentru descrierea cursurilor din trunchiul comun \u0219i a celor din cele trei subspecializ\u0103ri, consulta\u021bi pagina <a href=\"https:\/\/acse.pub.ro\/index.php\/licenta\/cursuri-licenta\/\">Cursuri licen\u021b\u0103<\/a>.<\/p>\n<p><strong>B1: Sisteme automate avansate<\/strong><\/p>\n<ul>\n<li><b>Provoc<\/b><b>\u0103<\/b><b>ri<\/b><b> din <\/b><b>ce<\/b> <b>\u00ee<\/b><b>n <\/b><b>ce<\/b> <b>mai<\/b> <b>mari<\/b> <b>\u00ee<\/b><b>n <\/b><b>ceea<\/b> <b>ce<\/b> <b>prive<\/b><b>\u0219<\/b><b>te<\/b> <b>proiectarea<\/b> <b>sistemelor<\/b><b> automate<\/b>\n<ul>\n<li><b><\/b>E.g.: Producerea, distribu\u0163ia \u015fi conversia energiei; re\u021bele sociale \u015fi internet; controlul \u015fi monitorizarea traficului; cl\u0103diri complexe (ventila\u0163ie, protec\u0163ie la incendii, intranet); sisteme biologice (controlul frecven\u021bei cardiace); etc.<\/li>\n<\/ul>\n<\/li>\n<li><b>Paradigma clasic\u0103 de conducere rezolv\u0103 doar o mic\u0103 parte din problemele lumii reale<\/b>\n<ul>\n<li>Dinamici neliniare<\/li>\n<li>Incertitudini pronun\u021bate<\/li>\n<\/ul>\n<\/li>\n<li><b>\u201c<\/b><b>Inteligen<\/b><b>\u0163<\/b><b>a\u201d <\/b><b>sistemelor<\/b><b> de <\/b><b>conducere<\/b> <b>cre<\/b><b>\u015f<\/b><b>te<\/b><b>,<\/b><b> ca <\/b><b>\u015f<\/b><b>i<\/b> <b>intercomunicarea<\/b> <b>\u015f<\/b><b>i<\/b> <b>interac<\/b><b>\u0163<\/b><b>iunea<\/b> <b>lor<\/b><b> cu <\/b><b>omul<\/b>\n<ul>\n<li>E.g.: Automobilele fr\u00e2neaz\u0103 singure \u00een situa\u0163ii de urgen\u0163\u0103, sistemul de navigare din automobil depisteaz\u0103 benzin\u0103riile sau parc\u0103rile din proximitate; cum ar fi daca ar \u201cdiscuta\u201d \u00eentre ele \u015fi ar preveni accidentele sau ce-ar fi dac\u0103 locuin\u0163a v-ar detecta starea de spirit \u015fi v-ar oferi un ceai?<\/li>\n<\/ul>\n<\/li>\n<li><b>O ramp<\/b><b>\u0103<\/b><b> de <\/b><b>lansare<\/b> <b>pentru<\/b> <b>cercetare<\/b>\n<ul>\n<li>Masterat\/Doctorat la universit\u0103\u021bi de \u00eenalt nivel pe plan mondial<\/li>\n<li>Research &amp; Development \u00een companii de top<\/li>\n<\/ul>\n<\/li>\n<\/ul>\n<p><strong>B2: Sisteme \u00een timp real<\/strong><\/p>\n<ul>\n<li><b>Este <\/b><b>abordarea<\/b> <b>actual\u0103<\/b> <b>\u015fi<\/b> <b>viitoare<\/b><b>: <\/b>\n<ul>\n<li>Tot ce ne \u00eenconjoar\u0103 se bazeaz\u0103 pe comunica\u0163ie \u2013 reglare \u2013 optimizare;<\/li>\n<li>Principiile generale sunt neschimbate \u2013 s-a schimbat tehnologia (electronica \u015fi aplica\u0163iile software care le pun \u00een valoare), performan\u0163a \u00eenseamn\u0103 <b>timp<\/b><b> real<\/b>.<\/li>\n<\/ul>\n<\/li>\n<li><b>Algoritmii<\/b> <b>\u015fi<\/b> <b>strategiile<\/b><b> de control <\/b><b>trebuie<\/b> <b>implementate<\/b> <b>pe<\/b> <b>arhitecturile<\/b><b> hardware <\/b><b>existente<\/b><b> \u2013 <\/b><b>aici<\/b> <b>interveni\u0163i<\/b> <b>voi<\/b><b>!<\/b><\/li>\n<li><b>Competen\u0163e<\/b> <b>generale<\/b><b> (<\/b><b>\u00een<\/b> <b>domeniile<\/b><b>):<\/b>\n<ul>\n<li>Automatiz\u0103ri \u015fi inginerie electric\u0103<\/li>\n<li>Informatic\u0103 aplicat\u0103<\/li>\n<\/ul>\n<\/li>\n<li><b>Competen<\/b><b>\u0163<\/b><b>e <\/b><b>specifice<\/b><b>:<\/b>\n<ul>\n<li>Proiectarea sau\/\u015fi analiza de sisteme industriale pentru asigurarea calit\u0103\u0163ii func\u0163ion\u0103rii \u015fi sigurantei \u00een exploatare.<\/li>\n<li>Proiectarea de microsisteme destinate aplica\u0163iilor de control \u00een timp real, at\u00eet din punct de vedere hardware, c\u00e2t \u015fi software.<\/li>\n<\/ul>\n<\/li>\n<\/ul>\n<p><strong>B3: Sisteme bioinformatice<\/strong><\/p>\n<ul>\n<li><b>Am plecat de <\/b><b>la <\/b><b>realit\u0103\u021bile lumii moderne:<\/b>\n<ul>\n<li>Dezvoltarea f\u0103r\u0103 precedent a \u015ftiin\u0163elor biologice \u015fi medicale<\/li>\n<li>Apari\u0163ia unor <b>cantit\u0103\u0163i<\/b> <b>foarte<\/b> <b>mari<\/b><b> de date <\/b><b>biologice<\/b> (ex. secven\u021bierea <b>genomurilor<\/b>) care trebuie adnotate, arhivate \u015fi <b>prelucrate<\/b> pentru a genera informa\u0163ii \u015fi cuno\u015ftin\u0163e<\/li>\n<li>Apari\u0163ia unor noi boli infec\u0163ioase (MERS) a c\u0103ror <b>dinamic\u0103<\/b> trebuie <b>\u00een\u0163eleas\u0103<\/b> <b>\u015fi<\/b> <b>modelat\u0103<\/b> pentru a putea propune cele mai bune strategii de contracarare<\/li>\n<li>Necesitatea aplic\u0103rii unor <b>principii <\/b><b>matematice<\/b> <b>\u015fi<\/b> <b>inginere\u015fti<\/b> \u00een probleme din <b>medicina<\/b> <b>clinic\u0103<\/b> <b>\u015fi<\/b> <b>diagnosticul<\/b><b> medical<\/b><\/li>\n<\/ul>\n<\/li>\n<li><b>O <\/b><b>direc\u0163ie<\/b><b> de specializare cu <\/b><b>func\u0163ie<\/b><b> dual\u0103<\/b>:\n<ul>\n<li>Ve\u0163i fi pregati\u0163i pentru a aborda direct <u><b>probleme specifice<\/b><\/u> de: bioinformatic\u0103, genetic\u0103, medicin\u0103<\/li>\n<li>Ve\u021bi putea aplica principii \u015fi metode de inspira\u021bie biologic\u0103 \u00een <u><b>rezolvarea<\/b><\/u> <u><b>unor<\/b><\/u> <u><b>probleme<\/b><\/u> <u><b>inginere\u015fti<\/b><\/u>, cum ar fi conducerea <b>robo\u021bilor<\/b> <b>mobili<\/b><\/li>\n<\/ul>\n<\/li>\n<\/ul>\n<p><a href=\"https:\/\/youtu.be\/NYWqmUfmGM8\" target=\"_blank\" rel=\"noopener\">Aici<\/a> se poate vizualiza o prezentare informal\u0103 realizat\u0103 \u00een anul 2020.<\/p>\n<a href=\"https:\/\/acse.pub.ro\/wp-content\/uploads\/2021\/06\/Directia-B-Prezentare-2020.pdf\" class=\"pdfemb-viewer\" style=\"\" data-width=\"max\" data-height=\"max\" data-toolbar=\"top\" data-toolbar-fixed=\"on\">Directia B Prezentare 2020<\/a>\n","protected":false},"excerpt":{"rendered":"<p>Departamentul organizeaz\u0103 specializarea studen\u021bilor \u00een Ingineria Sistemelor, \u00een cadrul specializ\u0103rii Automatic\u0103 \u0219i Informatic\u0103 Aplicat\u0103. Pentru descrierea cursurilor din trunchiul comun \u0219i a celor din cele trei subspecializ\u0103ri, consulta\u021bi pagina Cursuri licen\u021b\u0103. B1: Sisteme automate avansate&#8230;<\/p>\n","protected":false},"author":2,"featured_media":0,"parent":107,"menu_order":1,"comment_status":"closed","ping_status":"closed","template":"","meta":[],"categories":[],"tags":[106],"_links":{"self":[{"href":"https:\/\/acse.pub.ro\/index.php\/wp-json\/wp\/v2\/pages\/360"}],"collection":[{"href":"https:\/\/acse.pub.ro\/index.php\/wp-json\/wp\/v2\/pages"}],"about":[{"href":"https:\/\/acse.pub.ro\/index.php\/wp-json\/wp\/v2\/types\/page"}],"author":[{"embeddable":true,"href":"https:\/\/acse.pub.ro\/index.php\/wp-json\/wp\/v2\/users\/2"}],"replies":[{"embeddable":true,"href":"https:\/\/acse.pub.ro\/index.php\/wp-json\/wp\/v2\/comments?post=360"}],"version-history":[{"count":1,"href":"https:\/\/acse.pub.ro\/index.php\/wp-json\/wp\/v2\/pages\/360\/revisions"}],"predecessor-version":[{"id":361,"href":"https:\/\/acse.pub.ro\/index.php\/wp-json\/wp\/v2\/pages\/360\/revisions\/361"}],"up":[{"embeddable":true,"href":"https:\/\/acse.pub.ro\/index.php\/wp-json\/wp\/v2\/pages\/107"}],"wp:attachment":[{"href":"https:\/\/acse.pub.ro\/index.php\/wp-json\/wp\/v2\/media?parent=360"}],"wp:term":[{"taxonomy":"category","embeddable":true,"href":"https:\/\/acse.pub.ro\/index.php\/wp-json\/wp\/v2\/categories?post=360"},{"taxonomy":"post_tag","embeddable":true,"href":"https:\/\/acse.pub.ro\/index.php\/wp-json\/wp\/v2\/tags?post=360"}],"curies":[{"name":"wp","href":"https:\/\/api.w.org\/{rel}","templated":true}]}}