{"id":355,"date":"2021-04-21T14:42:40","date_gmt":"2021-04-21T14:42:40","guid":{"rendered":"https:\/\/acse.pub.ro\/?page_id=355"},"modified":"2021-05-06T19:44:30","modified_gmt":"2021-05-06T19:44:30","slug":"cursuri-licenta","status":"publish","type":"page","link":"https:\/\/acse.pub.ro\/index.php\/licenta\/cursuri-licenta\/","title":{"rendered":"Cursuri licen\u021b\u0103"},"content":{"rendered":"<p><strong><a href=\"https:\/\/acs.pub.ro\/educatie\/licenta\/\">Domeniul Ingineria Sistemelor, specializarea Automatic\u0103 \u0219i Informatic\u0103 Aplicat\u0103<\/a> &#8211; Departamentul organizeaz\u0103 urm\u0103toarele cursuri de licen\u021b\u0103:<\/strong><\/p>\n<ul>\n<li><strong>Semestrul 1:<\/strong> <a href=\"https:\/\/acse.pub.ro\/index.php\/licenta\/cursuri-licenta\/elemente-de-informatica-aplicata-in-ingineria-sistemelor\/\" target=\"_blank\" rel=\"noopener\">Elemente de informatic\u0103 aplicat\u0103 \u00een ingineria sistemelor<\/a> [EIAS];<\/li>\n<li><strong>Semestrul 2:<\/strong> <a href=\"https:\/\/acse.pub.ro\/index.php\/licenta\/cursuri-licenta\/structuri-de-date-si-algoritmi\/\">Structuri de date \u0219i algoritmi<\/a> [SDA];<\/li>\n<li><strong>Semestrul 3:<\/strong> <a href=\"https:\/\/acse.pub.ro\/index.php\/licenta\/cursuri-licenta\/metode-numerice\/\">Metode numerice<\/a> [MN]; <a href=\"https:\/\/acse.pub.ro\/index.php\/licenta\/cursuri-licenta\/semnale-si-sisteme\/\">Semnale \u0219i sisteme<\/a> [SS]; <a href=\"https:\/\/acse.pub.ro\/index.php\/licenta\/cursuri-licenta\/tehnici-de-calcul-in-automatica-si-informatica\/\">Tehnici de calcul \u00een automatic\u0103 \u0219i informatic\u0103<\/a> [TCAI]; <a href=\"https:\/\/acse.pub.ro\/index.php\/licenta\/cursuri-licenta\/programare-orientata-pe-obiecte\/\">Programare orientat\u0103 pe obiecte<\/a> [POO];<\/li>\n<li><strong>Semestrul 4:<\/strong> <a href=\"https:\/\/acse.pub.ro\/index.php\/licenta\/cursuri-licenta\/tehnici-de-optimizare\/\">Tehnici de optimizare<\/a> [TO]; <a href=\"https:\/\/acse.pub.ro\/index.php\/licenta\/cursuri-licenta\/teoria-sistemelor-automate\/\">Teoria sistemelor automate<\/a> [TSA]; <a href=\"https:\/\/acse.pub.ro\/index.php\/licenta\/cursuri-licenta\/actionari\/\">Ac\u021bion\u0103ri<\/a> [ACT];<\/li>\n<li><strong>Semestrul 5:<\/strong> <a href=\"https:\/\/acse.pub.ro\/index.php\/licenta\/cursuri-licenta\/modelare-si-simulare\/\">Modelare \u0219i simulare<\/a> [MS];<\/li>\n<li><strong>Semestrul 6:<\/strong> <a href=\"https:\/\/acse.pub.ro\/index.php\/licenta\/cursuri-licenta\/ingineria-reglarii-automate\/\">Ingineria regl\u0103rii automate<\/a> [IRA];<\/li>\n<li><strong>Semestrul 7:<\/strong> <a href=\"https:\/\/acse.pub.ro\/index.php\/licenta\/cursuri-licenta\/identificarea-sistemelor\/\">Identificarea sistemelor<\/a> [IS]; <a href=\"https:\/\/acse.pub.ro\/index.php\/licenta\/cursuri-licenta\/sisteme-de-conducere-a-proceselor-industriale\/\">Sisteme de conducere a proceselor industriale<\/a> [SCPI].<\/li>\n<\/ul>\n<p><strong><a href=\"https:\/\/acse.pub.ro\/index.php\/directia-b\/\">Direc\u021bia B<\/a> &#8211; <\/strong><strong>Departamentul organizeaz\u0103 urm\u0103toarele cursuri de specializare la licen\u021b\u0103:<\/strong><\/p>\n<ul>\n<li><strong>Semestrul 5:<\/strong> <a href=\"https:\/\/acse.pub.ro\/index.php\/licenta\/cursuri-licenta\/prelucrarea-semnalelor\/\">Prelucrarea semnalelor<\/a> [PS]; <a href=\"https:\/\/acse.pub.ro\/index.php\/licenta\/cursuri-licenta\/microcontrollere-arhitecturi-si-programare\/\">Microcontrollere, arhitectur\u0103 \u0219i programare<\/a> [MAP];<\/li>\n<li><strong>Semestrul 6:<\/strong> <a href=\"https:\/\/acse.pub.ro\/index.php\/licenta\/cursuri-licenta\/programarea-aplicatiilor-in-timp-real\/\">Programarea aplica\u021biilor \u00een timp real<\/a> [PATR]; <a href=\"https:\/\/acse.pub.ro\/index.php\/licenta\/cursuri-licenta\/sisteme-avansate-de-comunicatii\/\">Sisteme avansate de comunica\u021bii<\/a> [SACom];<\/li>\n<li><strong>Semestrul 7:<\/strong> <a href=\"https:\/\/acse.pub.ro\/index.php\/licenta\/cursuri-licenta\/sisteme-numerice-de-conducere\/\">Sisteme numerice de conducere<\/a> [SNC]; <a href=\"https:\/\/acse.pub.ro\/index.php\/licenta\/cursuri-licenta\/strategii-avansate-de-conducere\/\">Strategii avansate de conducere<\/a> [SAC];<\/li>\n<\/ul>\n<p><strong>Departamentul organizeaz\u0103, \u00een semestrul al optulea, c\u00e2te patru cursuri pentru fiecare dintre subdirec\u021biile B1, B2 \u0219i B3.<\/strong><\/p>\n<ul>\n<li><strong>B1:<\/strong> <a href=\"https:\/\/acse.pub.ro\/index.php\/licenta\/cursuri-licenta\/automatizarea-proceselor-complexe\/\">Automatizarea proceselor complexe<\/a> [APC]; <a href=\"https:\/\/acse.pub.ro\/index.php\/licenta\/cursuri-licenta\/sisteme-neliniare\/\">Sisteme neliniare<\/a> [SNL]; <a href=\"https:\/\/acse.pub.ro\/index.php\/licenta\/cursuri-licenta\/reglare-robusta-si-aplicatii\/\">Reglare robust\u0103 \u0219i aplica\u021bii<\/a> [RRA]; <a href=\"https:\/\/acse.pub.ro\/index.php\/licenta\/cursuri-licenta\/reglarea-optimala-a-sistemelor-automate\/\">Reglarea optimal\u0103 a sistemelor automate<\/a> [ROSA];<\/li>\n<li><strong>B2:<\/strong> <a href=\"https:\/\/acse.pub.ro\/index.php\/licenta\/cursuri-licenta\/sisteme-in-timp-real\/\">Sisteme \u00een timp real<\/a> [STR]; <a href=\"https:\/\/acse.pub.ro\/index.php\/licenta\/cursuri-licenta\/retele-industriale-de-calculatoare\/\">Re\u021bele industriale de calculatoare<\/a> [RIC]; <a href=\"https:\/\/acse.pub.ro\/index.php\/licenta\/cursuri-licenta\/sisteme-integrate-de-conducere\/\">Sisteme integrate de conducere<\/a> [SIC]; <a href=\"https:\/\/acse.pub.ro\/index.php\/licenta\/cursuri-licenta\/proiectarea-asistata-a-sistemelor-de-conducere\/\">Proiectarea asistat\u0103 a sistemelor de conducere<\/a> [PASC];<\/li>\n<li><strong>B3:<\/strong> <a href=\"https:\/\/acse.pub.ro\/index.php\/licenta\/cursuri-licenta\/inginerie-biomedicala\/\">Inginerie biomedical\u0103<\/a> [IB]; <a href=\"https:\/\/acse.pub.ro\/index.php\/licenta\/cursuri-licenta\/algoritmi-in-bioinformatica\/\">Algoritmi \u00een Bioinformatic\u0103<\/a> [ABI]; <a href=\"https:\/\/acse.pub.ro\/index.php\/licenta\/cursuri-licenta\/modelarea-proceselor-biologice\/\">Modelarea proceselor biologice<\/a> [MPB]; <a href=\"https:\/\/acse.pub.ro\/index.php\/licenta\/cursuri-licenta\/tehnici-de-diagnoza-si-decizie\/\">Tehnici de diagnoz\u0103 \u0219i decizie<\/a> [TDD].<\/li>\n<\/ul>\n","protected":false},"excerpt":{"rendered":"<p>Domeniul Ingineria Sistemelor, specializarea Automatic\u0103 \u0219i Informatic\u0103 Aplicat\u0103 &#8211; Departamentul organizeaz\u0103 urm\u0103toarele cursuri de licen\u021b\u0103: Semestrul 1: Elemente de informatic\u0103 aplicat\u0103 \u00een ingineria sistemelor [EIAS]; Semestrul 2: Structuri de date \u0219i algoritmi [SDA]; Semestrul 3:&#8230;<\/p>\n","protected":false},"author":2,"featured_media":0,"parent":107,"menu_order":0,"comment_status":"closed","ping_status":"closed","template":"","meta":[],"categories":[],"tags":[106],"_links":{"self":[{"href":"https:\/\/acse.pub.ro\/index.php\/wp-json\/wp\/v2\/pages\/355"}],"collection":[{"href":"https:\/\/acse.pub.ro\/index.php\/wp-json\/wp\/v2\/pages"}],"about":[{"href":"https:\/\/acse.pub.ro\/index.php\/wp-json\/wp\/v2\/types\/page"}],"author":[{"embeddable":true,"href":"https:\/\/acse.pub.ro\/index.php\/wp-json\/wp\/v2\/users\/2"}],"replies":[{"embeddable":true,"href":"https:\/\/acse.pub.ro\/index.php\/wp-json\/wp\/v2\/comments?post=355"}],"version-history":[{"count":13,"href":"https:\/\/acse.pub.ro\/index.php\/wp-json\/wp\/v2\/pages\/355\/revisions"}],"predecessor-version":[{"id":382,"href":"https:\/\/acse.pub.ro\/index.php\/wp-json\/wp\/v2\/pages\/355\/revisions\/382"}],"up":[{"embeddable":true,"href":"https:\/\/acse.pub.ro\/index.php\/wp-json\/wp\/v2\/pages\/107"}],"wp:attachment":[{"href":"https:\/\/acse.pub.ro\/index.php\/wp-json\/wp\/v2\/media?parent=355"}],"wp:term":[{"taxonomy":"category","embeddable":true,"href":"https:\/\/acse.pub.ro\/index.php\/wp-json\/wp\/v2\/categories?post=355"},{"taxonomy":"post_tag","embeddable":true,"href":"https:\/\/acse.pub.ro\/index.php\/wp-json\/wp\/v2\/tags?post=355"}],"curies":[{"name":"wp","href":"https:\/\/api.w.org\/{rel}","templated":true}]}}