{"id":129,"date":"2021-03-02T21:44:25","date_gmt":"2021-03-02T21:44:25","guid":{"rendered":"https:\/\/acse.pub.ro\/?page_id=129"},"modified":"2021-06-02T17:43:42","modified_gmt":"2021-06-02T17:43:42","slug":"cercetare","status":"publish","type":"page","link":"https:\/\/acse.pub.ro\/index.php\/cercetare\/","title":{"rendered":"Cercetare"},"content":{"rendered":"<p><span class=\"\">ACSE are o reputa\u021bie interna\u021bional\u0103 de lung\u0103 durat\u0103 producand cercetare de top dedicat\u0103 regl\u0103rii \u0219i ingineriei sistemelor la nivel interna\u021bional.<\/span><\/p>\n<p>Personalul nostru de cercetare \u0219i academic desf\u0103\u0219oar\u0103 activit\u0103\u021bi de cercetare \u00een mai multe domenii bine stabilite, precum \u0219i \u00een arii emergente cu sunt studen\u021bi renumi\u021bi la nivel na\u021bional \u00een studiul avansat \u0219i a teoriei \u0219i al ingineriei sistemelor. Personalul este adesea implicat \u00een mai multe grupuri de cercetare sau \u00een lucr\u0103ri individuale de cercetare. O mare parte din cercetarea noastr\u0103 este multidisciplinar\u0103 \u0219i are ca rezultat parteneriate cu institu\u021bii academice \u0219i industriale na\u021bionale, precum \u0219i o colaborare extins\u0103 cu alte departamente academice din \u00eentreaga lume.<\/p>\n<p><span data-contrast=\"auto\">Activitatea de cercetare\u00a0<\/span><span data-contrast=\"auto\">\u0219<\/span><span data-contrast=\"auto\">tiin<\/span><span data-contrast=\"auto\">\u021b<\/span><span data-contrast=\"auto\">ific<\/span><span data-contrast=\"auto\">\u0103<\/span><span data-contrast=\"auto\">\u00a0se desf<\/span><span data-contrast=\"auto\">\u0103\u0219<\/span><span data-contrast=\"auto\">oar<\/span><span data-contrast=\"auto\">\u0103<\/span><span data-contrast=\"auto\">\u00a0\u00een\u00a0<\/span><span data-contrast=\"auto\">cinci<\/span><span data-contrast=\"auto\">\u00a0grupuri de cercetare<\/span><span data-contrast=\"auto\">\u00a0\u0219i\u00a0<\/span><span data-contrast=\"auto\">dou\u0103<\/span><span data-contrast=\"auto\">\u00a0centre, integrate<\/span><span data-contrast=\"auto\">\u00a0\u00een\u00a0<\/span><span data-contrast=\"auto\">profilul\u00a0<\/span><span data-contrast=\"auto\">departmentului<\/span><span data-contrast=\"auto\">, la care particip<\/span><span data-contrast=\"auto\">\u0103<\/span><span data-contrast=\"auto\">\u00a0cadre didactice, cercet<\/span><span data-contrast=\"auto\">\u0103<\/span><span data-contrast=\"auto\">tori asocia<\/span><span data-contrast=\"auto\">\u021b<\/span><span data-contrast=\"auto\">i, studen<\/span><span data-contrast=\"auto\">\u021b<\/span><span data-contrast=\"auto\">i din anii terminali de licen<\/span><span data-contrast=\"auto\">\u021b\u0103<\/span><span data-contrast=\"auto\">, de la direc<\/span><span data-contrast=\"auto\">\u021b<\/span><span data-contrast=\"auto\">iile de masterat<\/span><span data-contrast=\"auto\">\u00a0\u0219i\u00a0<\/span><span data-contrast=\"auto\">doctoranzi.\u00a0<\/span><span data-ccp-props=\"{&quot;201341983&quot;:0,&quot;335551550&quot;:6,&quot;335551620&quot;:6,&quot;335559731&quot;:357,&quot;335559740&quot;:240}\">\u00a0<\/span><\/p>\n<p><span data-contrast=\"auto\">Grupurile de cercetare academic<\/span><span data-contrast=\"auto\">\u0103<\/span><span data-contrast=\"auto\">\u00a0din cadrul departamentului sunt:<\/span><span data-ccp-props=\"{&quot;335551550&quot;:6,&quot;335551620&quot;:6,&quot;335559731&quot;:357}\">\u00a0<\/span><\/p>\n<ul>\n<li><a href=\"https:\/\/acse.pub.ro\/index.php\/automatizari-industriale-si-structuri-evoluate-de-conducere\/\">Automatiz\u0103ri Industriale \u0219i Structuri Evoluate de Conducere<\/a> (AISTEC)<\/li>\n<li><a href=\"https:\/\/acse.pub.ro\/index.php\/cercetare\/calcul-natural-si-robotica\/\">Calcul Natural \u015fi Robotic\u0103<\/a> (natuRO)<span data-ccp-props=\"{&quot;335551550&quot;:6,&quot;335551620&quot;:6,&quot;335559731&quot;:357}\">\u00a0<\/span><\/li>\n<li><a href=\"http:\/\/complex.upb.ro\" target=\"_blank\" rel=\"noopener\">Laboratorul de sisteme complexe<\/a> (xLab)<span data-ccp-props=\"{&quot;335551550&quot;:6,&quot;335551620&quot;:6,&quot;335559731&quot;:357}\"><br \/>\n<\/span><\/li>\n<li><a href=\"https:\/\/acse.pub.ro\/index.php\/cercetare\/modelare-si-simulare-in-ingineria-sistemelor-de-sisteme-cu-aplicatii-in-biologie\/\"><b><i><\/i><\/b>Modelare \u0219i simulare \u00een ingineria sistemelor de sisteme cu aplica\u021bii \u00een biologie<\/a> (MaSeSoS)<\/li>\n<li><a href=\"https:\/\/acse.pub.ro\/index.php\/cercetare\/prelucrarea-semnalelor-si-identificarea-sistemelor\/\">Prelucrarea semnalelor \u0219i identificarea sistemelor<\/a>\u00a0(S-PSI)\u00a0<span data-ccp-props=\"{&quot;335551550&quot;:6,&quot;335551620&quot;:6}\">\u00a0<\/span><\/li>\n<li><a href=\"https:\/\/acse.pub.ro\/index.php\/cercetare\/sisteme-dinamice-reglare-optimizare-algoritmi-numerici\/\">Sisteme\u00a0Dinamice: Reglare, Optimizare,\u00a0Algoritmi\u00a0Numerici<\/a> (DYSCONA)<\/li>\n<li><a href=\"https:\/\/acse.pub.ro\/index.php\/cercetare\/sisteme-organizationale-interoperabile-bazate-pe-internetul-viitorului\/\">Sisteme Organiza\u021bionale Interoperabile Bazate pe Internetul Viitorului<\/a> (FInES)<\/li>\n<\/ul>\n<p><span data-contrast=\"auto\">Centrele de cercetare <\/span><span data-contrast=\"auto\">cadrul departamentului sunt:<\/span><span data-ccp-props=\"{&quot;335551550&quot;:6,&quot;335551620&quot;:6,&quot;335559731&quot;:357}\">\u00a0<\/span><\/p>\n<ul>\n<li><a href=\"https:\/\/acse.pub.ro\/index.php\/cercetare\/centrul-de-automatica-conducere-de-proces-si-calculatoare\/\">Centrul de Automatic\u0103, Conducere de Proces \u0219i Calculatoare<\/a> (ACPC)<\/li>\n<li><a href=\"https:\/\/acse.pub.ro\/index.php\/cercetare\/centrul-de-control-inteligent-si-bioinginerie\/\">Centrul de Control Inteligent \u0219i Bioinginerie<\/a> (CCIB)<\/li>\n<\/ul>\n","protected":false},"excerpt":{"rendered":"<p>ACSE are o reputa\u021bie interna\u021bional\u0103 de lung\u0103 durat\u0103 producand cercetare de top dedicat\u0103 regl\u0103rii \u0219i ingineriei sistemelor la nivel interna\u021bional. Personalul nostru de cercetare \u0219i academic desf\u0103\u0219oar\u0103 activit\u0103\u021bi de cercetare \u00een mai multe domenii bine&#8230;<\/p>\n","protected":false},"author":2,"featured_media":0,"parent":0,"menu_order":0,"comment_status":"closed","ping_status":"closed","template":"","meta":[],"categories":[],"tags":[114],"_links":{"self":[{"href":"https:\/\/acse.pub.ro\/index.php\/wp-json\/wp\/v2\/pages\/129"}],"collection":[{"href":"https:\/\/acse.pub.ro\/index.php\/wp-json\/wp\/v2\/pages"}],"about":[{"href":"https:\/\/acse.pub.ro\/index.php\/wp-json\/wp\/v2\/types\/page"}],"author":[{"embeddable":true,"href":"https:\/\/acse.pub.ro\/index.php\/wp-json\/wp\/v2\/users\/2"}],"replies":[{"embeddable":true,"href":"https:\/\/acse.pub.ro\/index.php\/wp-json\/wp\/v2\/comments?post=129"}],"version-history":[{"count":1,"href":"https:\/\/acse.pub.ro\/index.php\/wp-json\/wp\/v2\/pages\/129\/revisions"}],"predecessor-version":[{"id":130,"href":"https:\/\/acse.pub.ro\/index.php\/wp-json\/wp\/v2\/pages\/129\/revisions\/130"}],"wp:attachment":[{"href":"https:\/\/acse.pub.ro\/index.php\/wp-json\/wp\/v2\/media?parent=129"}],"wp:term":[{"taxonomy":"category","embeddable":true,"href":"https:\/\/acse.pub.ro\/index.php\/wp-json\/wp\/v2\/categories?post=129"},{"taxonomy":"post_tag","embeddable":true,"href":"https:\/\/acse.pub.ro\/index.php\/wp-json\/wp\/v2\/tags?post=129"}],"curies":[{"name":"wp","href":"https:\/\/api.w.org\/{rel}","templated":true}]}}