{"id":111,"date":"2021-03-02T21:41:10","date_gmt":"2021-03-02T21:41:10","guid":{"rendered":"https:\/\/acse.pub.ro\/?page_id=111"},"modified":"2021-06-03T17:05:58","modified_gmt":"2021-06-03T17:05:58","slug":"masterat","status":"publish","type":"page","link":"https:\/\/acse.pub.ro\/index.php\/masterat\/","title":{"rendered":"Masterat"},"content":{"rendered":"<p>Departamentul organizeaz\u0103 studii de masterat \u00een domeniul Ingineria Sistemelor, \u00een limbile rom\u00e2n\u0103 sau englez\u0103. Informa\u021bii despre procedura de admitere se g\u0103sesc <a href=\"https:\/\/acs.pub.ro\/admitere\/masterat\/\" target=\"_blank\" rel=\"noopener\">aici<\/a>.<\/p>\n<div id=\"team\" class=\"w3-container w3-center\">\n<div class=\"w3-row\">\n<p><a href=\"https:\/\/acse.pub.ro\/index.php\/control-avansat-si-sisteme-in-timp-real\/\"><\/p>\n<div class=\"w3-third\">\n<p><img decoding=\"async\" class=\"w3-square w3-hover-opacity\" style=\" width:  80%; object-fit: cover;\" src=\"https:\/\/acse.pub.ro\/wp-content\/uploads\/2021\/06\/castr-thumbnail-1-212x300.jpg\" \/><\/p>\n<h5>Control Avansat \u0219i Sisteme \u00een Timp Real (\u00een limba rom\u00e2n\u0103)<\/h5>\n<\/div>\n<p><\/a><\/p>\n<p><a href=\"https:\/\/acse.pub.ro\/index.php\/masterat\/sisteme-inteligente-de-conducere\"\/><\/p>\n<div class=\"w3-third\">\n<p><img decoding=\"async\" class=\"w3-square w3-hover-opacity\" style=\" width:  80%; object-fit: cover;\" src=\"https:\/\/acse.pub.ro\/wp-content\/uploads\/2021\/06\/sic-thumbnail-1-212x300.jpg\" \/><\/p>\n<h5>Sisteme Inteligente de Conducere (\u00een limba rom\u00e2n\u0103)<\/h5>\n<\/div>\n<p><\/a><\/p>\n<p><a href=\"https:\/\/acse.pub.ro\/index.php\/masterat\/complex-systems\"\/><\/p>\n<div class=\"w3-third\">\n<p><img decoding=\"async\" class=\"w3-square w3-hover-opacity\" style=\" width:  80%; object-fit: cover;\" src=\"https:\/\/acse.pub.ro\/wp-content\/uploads\/2021\/06\/cs-thumbnail-1-212x300.jpg\" \/><\/p>\n<h5>Complex Systems (\u00een limba englez\u0103)<\/h5>\n<\/div>\n<p><\/a><\/p>\n<\/div>\n<\/div>\n<p><a href=\"hhttps:\/\/acse.pub.ro\/index.php\/sisteme-informatice-integrate\/\"\/><\/p>\n<h5>Sisteme Informatice Integrate (\u00een limba rom\u00e2n\u0103)<\/h5>\n<p><\/a><\/p>\n<p><a href=\"https:\/\/acse.pub.ro\/index.php\/masterat\/sisteme-cyber-fizice\/\"\/><\/p>\n<h5>Sisteme Cyber-Fizice (\u00een limba englez\u0103)<\/h5>\n<p><\/a><\/p>\n<p><a href=\"https:\/\/acse.pub.ro\/index.php\/masterat\/robotica-si-automatizari\/\"\/><\/p>\n<h5>Robotic\u0103 \u0219i Automatiz\u0103ri (\u00een limba englez\u0103)<\/h5>\n<p><\/a><\/p>\n<p><a href=\"https:\/\/acse.pub.ro\/index.php\/masterat\/ingineria-si-managementul-sistemelor-de-afaceri\/\"\/><\/p>\n<h5>Ingineria \u0219i Managementul Sistemelor de Afaceri (\u00een limba rom\u00e2n\u0103)<\/h5>\n<p><\/a><\/p>\n","protected":false},"excerpt":{"rendered":"<p>Departamentul organizeaz\u0103 studii de masterat \u00een domeniul Ingineria Sistemelor, \u00een limbile rom\u00e2n\u0103 sau englez\u0103. Informa\u021bii despre procedura de admitere se g\u0103sesc aici. Control Avansat \u0219i Sisteme \u00een Timp Real (\u00een limba rom\u00e2n\u0103) Sisteme Inteligente de&#8230;<\/p>\n","protected":false},"author":2,"featured_media":0,"parent":0,"menu_order":0,"comment_status":"closed","ping_status":"closed","template":"","meta":[],"categories":[],"tags":[112],"_links":{"self":[{"href":"https:\/\/acse.pub.ro\/index.php\/wp-json\/wp\/v2\/pages\/111"}],"collection":[{"href":"https:\/\/acse.pub.ro\/index.php\/wp-json\/wp\/v2\/pages"}],"about":[{"href":"https:\/\/acse.pub.ro\/index.php\/wp-json\/wp\/v2\/types\/page"}],"author":[{"embeddable":true,"href":"https:\/\/acse.pub.ro\/index.php\/wp-json\/wp\/v2\/users\/2"}],"replies":[{"embeddable":true,"href":"https:\/\/acse.pub.ro\/index.php\/wp-json\/wp\/v2\/comments?post=111"}],"version-history":[{"count":3,"href":"https:\/\/acse.pub.ro\/index.php\/wp-json\/wp\/v2\/pages\/111\/revisions"}],"predecessor-version":[{"id":410,"href":"https:\/\/acse.pub.ro\/index.php\/wp-json\/wp\/v2\/pages\/111\/revisions\/410"}],"wp:attachment":[{"href":"https:\/\/acse.pub.ro\/index.php\/wp-json\/wp\/v2\/media?parent=111"}],"wp:term":[{"taxonomy":"category","embeddable":true,"href":"https:\/\/acse.pub.ro\/index.php\/wp-json\/wp\/v2\/categories?post=111"},{"taxonomy":"post_tag","embeddable":true,"href":"https:\/\/acse.pub.ro\/index.php\/wp-json\/wp\/v2\/tags?post=111"}],"curies":[{"name":"wp","href":"https:\/\/api.w.org\/{rel}","templated":true}]}}