{"id":1054,"date":"2026-01-14T17:23:33","date_gmt":"2026-01-14T17:23:33","guid":{"rendered":"https:\/\/acse.pub.ro\/?page_id=1054"},"modified":"2026-01-14T17:24:43","modified_gmt":"2026-01-14T17:24:43","slug":"florin-stoican-2","status":"publish","type":"page","link":"https:\/\/acse.pub.ro\/index.php\/florin-stoican-2\/","title":{"rendered":"Florin Stoican"},"content":{"rendered":"<section id=\"about-me-ro\">\n<h1>Despre mine<\/h1>\n<h2>a) Informa\u021bii despre diplome \u0219i titluri de studii<\/h2>\n<dl>\n<dt><strong>2018<\/strong><\/dt>\n<dd>\n      <a href=\"http:\/\/acse.pub.ro\/wp-content\/uploads\/2018\/10\/habilitation-thesis-sets-in-control-florin-stoican.pdf\">Tez\u0103 de abilitare<\/a><br \/>\n      \u201eSet-theoretic methods in control. Applications to fault tolerant control and motion planning\u201d,<br \/>\n      confirmat\u0103 prin Ordinul 5500\/14.11.2018;\n    <\/dd>\n<dt><strong>2008\u201311<\/strong><\/dt>\n<dd>\n      <a href=\"https:\/\/tel.archives-ouvertes.fr\/tel-00633622v1\/document\">Tez\u0103 de doctorat<\/a><br \/>\n      \u201eFault tolerant control based on set-theoretic methods\u201d \u00een Ingineria Sistemelor de Conducere,<br \/>\n      Departamentul de Automatic\u0103, \u00c9cole Sup\u00e9rieure d\u2019\u00c9lectricit\u00e9 (Sup\u00e9lec), Gif-sur-Yvette, Fran\u021ba.<br \/>\n      Referen\u021bi: R. Bitmead, J. Maciejowski. Conduc\u0103tor \u0219tiin\u021bific: Sorin Olaru;\n    <\/dd>\n<dt><strong>2003\u201308<\/strong><\/dt>\n<dd>\n      Diplom\u0103 de Inginer \u00een Inginerie Electric\u0103 (Sisteme de Control \u0219i Informatic\u0103 Aplicat\u0103),<br \/>\n      Facultatea de Automatic\u0103 \u0219i Calculatoare, Universitatea \u201ePolitehnica\u201d din Bucure\u0219ti (UPB),<br \/>\n      Rom\u00e2nia. Diplom\u0103 de licen\u021b\u0103 \u201eMultisensor control systems\u201d la Sup\u00e9lec, Gif-sur-Yvette, Fran\u021ba<br \/>\n      (mobilitate Erasmus).\n    <\/dd>\n<\/dl>\n<h2>b) Informa\u021bii despre experien\u021ba profesional\u0103 \u0219i locurile de munc\u0103<\/h2>\n<h3>i) Posturi ocupate<\/h3>\n<dl>\n<dt><strong>2013\u2013<\/strong><\/dt>\n<dd>\n      Profesor universitar (anterior conferen\u021biar 2016\u20132019 \u0219i asistent universitar 2013\u201316),<br \/>\n      Departamentul ACSE, UPB, Rom\u00e2nia;\n    <\/dd>\n<dt><strong>2014\u201315<\/strong><\/dt>\n<dd>\n      Cercet\u0103tor postdoctoral la UPB, Innoresearch POSDRU\/159\/1.5\/S\/132395;\n    <\/dd>\n<dt><strong>2011\u201312<\/strong><\/dt>\n<dd>\n      Cercet\u0103tor postdoctoral la NTNU, Norvegia, cu burs\u0103 ERCIM (supervizor: Morten Hovd).\n    <\/dd>\n<\/dl>\n<h3>ii) Experien\u021b\u0103 profesional\u0103<\/h3>\n<dl>\n<dt><strong>2020\u20132022<\/strong><\/dt>\n<dd>\n      Director proiect \u201eReliable motion planning for nonlinear systems under uncertainties (REPLAN)\u201d<br \/>\n      PN-III-P1-1.1-TE-2019-4-1614;\n    <\/dd>\n<dt><strong>2020\u20132022<\/strong><\/dt>\n<dd>\n      Responsabil UPB pentru proiectul \u201eVersatile and economically viable robotic platform for indoor<br \/>\n      navigation in cluttered environments with obstacles (OMNI-Z)\u201d PN-III-P2-2.1-PTE-2019-0867;\n    <\/dd>\n<dt><strong>2020\u20132022<\/strong><\/dt>\n<dd>\n      Mentor \u00een proiectul \u201eData Driven Fault Accommodation for Distribution Networks (DDNET)\u201d<br \/>\n      PN-III-P1-1.1-PD-2019-0825;\n    <\/dd>\n<dt><strong>2017<\/strong><\/dt>\n<dd>\n      Responsabil UPB pentru proiectul \u201eImplementation and development of algorithms for the dynamic<br \/>\n      motion planning of robotic systems (DEVROS)\u201d <a href=\"http:\/\/devros.pub.ro\">devros.pub.ro<\/a>,<br \/>\n      PN-III-P2-2.1-CI-2017-0403;\n    <\/dd>\n<dt><strong>2015\u201317<\/strong><\/dt>\n<dd>\n      Director proiect \u201eSet-theoretic approaches for fault tolerant control of complex systems (SETS2FTC)\u201d<br \/>\n      <a href=\"http:\/\/sets2ftc.pub.ro\">sets2ftc.pub.ro<\/a>, PN-II-RU-TE-2014-4-2713;\n    <\/dd>\n<dt><strong>2016, 2019<\/strong><\/dt>\n<dd>\n      Responsabil pentru dou\u0103 proiecte de mobilitate \u201eT\u00e2n\u0103r cercet\u0103tor din diaspora\u201d<br \/>\n      (PN-III-MCT-2016-0037 \u0219i PN-III-MCT-2019-0112; cercet\u0103tor invitat: I. Prodan \u2013 Grenoble INP);\n    <\/dd>\n<dt><strong>2018<\/strong><\/dt>\n<dd>\n      Beneficiar al unui grant de mobilitate pentru conferin\u021ba Safeprocess\u201918,<br \/>\n      PN-III-P1-1.1-MC-2018-1913;\n    <\/dd>\n<dt><strong>2014\u20132019<\/strong><\/dt>\n<dd>\n      Beneficiar al mai multor granturi de tip \u201ePremierea rezultatelor cercet\u0103rii\u201d:<br \/>\n      PRECISI-2014-6144, 2015-10076, 2016-15179, 2016-15822, 2017-14869, 2018-42721, 2019-47925;\n    <\/dd>\n<dt><strong>2013\u201320<\/strong><\/dt>\n<dd>\n      Membru \u00een proiectele ESA, ROSA, PN-II\/III:<\/p>\n<ul>\n<li>\u201eAdvanced Control Techniques for Future Launchers (ACTFL)\u201d, 2017\u201320;<\/li>\n<li>\u201eMUROS\u201d \u2013 sistem robotic multisenzor pentru monitorizarea infrastructurilor critice, 2013\u201316;<\/li>\n<li>\u201eMAARS\u201d \u2013 sistem aerian multi-agent pentru explorarea zonelor de interes, 2016\u201319;<\/li>\n<li>\u201eSIMUL\u201d \u2013 sistem multi-drone pentru evaluarea efectelor inunda\u021biilor, 2016\u201318;<\/li>\n<\/ul>\n<\/dd>\n<dt><strong>2013\u201314<\/strong><\/dt>\n<dd>\n      Co-promotor al unui grant SEE \u00eentre NTNU \u0219i UPB.\n    <\/dd>\n<\/dl>\n<h2>c) Publica\u021bii \u0219i vizibilitate<\/h2>\n<h3>i) Publica\u021bii<\/h3>\n<ul>\n<li>\n      Coautor al brevetului USPTO<br \/>\n      <a href=\"https:\/\/patents.google.com\/patent\/WO2018215910A1\/\">WO2018215910-A1<\/a> (cu C. Oar\u0103),<br \/>\n      publicat la 29 noiembrie 2018;\n    <\/li>\n<li>Carte \u201eSet-theoretic Fault-tolerant Control in Multisensor Systems\u201d, Hermes Penton-ISTE &#038; Wiley (2013);<\/li>\n<li>Carte \u201eMixed-integer representations in control design\u201d, SpringerBriefs (2016);<\/li>\n<li>Dou\u0103 capitole de carte (Springer, 2013 \u0219i 2015);<\/li>\n<li>0 articole \u00een reviste ISI (7 \u00een Q1, 8 \u00een Q2, impact cumulat 45,34);<\/li>\n<li>0 lucr\u0103ri (32 ISI) \u00een conferin\u021be IEEE\/IFAC;<\/li>\n<\/ul>\n<h3>ii) Domenii de interes<\/h3>\n<ul>\n<li>Algoritmi de planificare a mi\u0219c\u0103rii folosind descrieri flatness \u0219i B-spline;<\/li>\n<li>Control tolerant la defecte (prin metode teoretice ale mul\u021bimilor);<\/li>\n<li>Invarian\u021b\u0103 pozitiv\u0103 \u0219i controlat\u0103 (RPI\/mRPI, sisteme comutate, sisteme cu \u00eent\u00e2rziere, zonotopi);<\/li>\n<li>Programare mixt\u0103 integer (descrieri eficiente pentru regiuni neconvexe\/necompacte);<\/li>\n<li>Interpret\u0103ri geometrice \u00een optimizarea cu restric\u021bii.<\/li>\n<\/ul>\n<p>\n    ORCID: <a href=\"https:\/\/orcid.org\/0000-0002-4550-9113\">0000-0002-4550-9113<\/a><br \/>\n    ResearcherID: <a href=\"https:\/\/publons.com\/researcher\/C-3564-2012\/\">C-3564-2012<\/a><br \/>\n    Publons: <a href=\"http:\/\/publons.com\/a\/1212638\/\">http:\/\/publons.com\/a\/1212638\/<\/a>\n  <\/p>\n<\/section>\n","protected":false},"excerpt":{"rendered":"<p>Despre mine a) Informa\u021bii despre diplome \u0219i titluri de studii 2018 Tez\u0103 de abilitare \u201eSet-theoretic methods in control. Applications to fault tolerant control and motion planning\u201d, confirmat\u0103 prin Ordinul 5500\/14.11.2018; 2008\u201311 Tez\u0103 de doctorat \u201eFault&#8230;<\/p>\n","protected":false},"author":6,"featured_media":0,"parent":0,"menu_order":0,"comment_status":"closed","ping_status":"closed","template":"","meta":[],"categories":[],"tags":[100],"_links":{"self":[{"href":"https:\/\/acse.pub.ro\/index.php\/wp-json\/wp\/v2\/pages\/1054"}],"collection":[{"href":"https:\/\/acse.pub.ro\/index.php\/wp-json\/wp\/v2\/pages"}],"about":[{"href":"https:\/\/acse.pub.ro\/index.php\/wp-json\/wp\/v2\/types\/page"}],"author":[{"embeddable":true,"href":"https:\/\/acse.pub.ro\/index.php\/wp-json\/wp\/v2\/users\/6"}],"replies":[{"embeddable":true,"href":"https:\/\/acse.pub.ro\/index.php\/wp-json\/wp\/v2\/comments?post=1054"}],"version-history":[{"count":1,"href":"https:\/\/acse.pub.ro\/index.php\/wp-json\/wp\/v2\/pages\/1054\/revisions"}],"predecessor-version":[{"id":1055,"href":"https:\/\/acse.pub.ro\/index.php\/wp-json\/wp\/v2\/pages\/1054\/revisions\/1055"}],"wp:attachment":[{"href":"https:\/\/acse.pub.ro\/index.php\/wp-json\/wp\/v2\/media?parent=1054"}],"wp:term":[{"taxonomy":"category","embeddable":true,"href":"https:\/\/acse.pub.ro\/index.php\/wp-json\/wp\/v2\/categories?post=1054"},{"taxonomy":"post_tag","embeddable":true,"href":"https:\/\/acse.pub.ro\/index.php\/wp-json\/wp\/v2\/tags?post=1054"}],"curies":[{"name":"wp","href":"https:\/\/api.w.org\/{rel}","templated":true}]}}